{"id":47,"date":"2019-04-12T10:16:23","date_gmt":"2019-04-12T08:16:23","guid":{"rendered":"http:\/\/www.annacordonnier.com\/?page_id=47"},"modified":"2023-03-03T12:16:55","modified_gmt":"2023-03-03T11:16:55","slug":"theatre","status":"publish","type":"page","link":"https:\/\/www.annacordonnier.com\/index.php\/theatre\/","title":{"rendered":"TH\u00c9\u00c2TRE"},"content":{"rendered":"[vc_row type=\u00a0\u00bbfull_width_background\u00a0\u00bb full_screen_row_position=\u00a0\u00bbmiddle\u00a0\u00bb equal_height=\u00a0\u00bbyes\u00a0\u00bb content_placement=\u00a0\u00bbtop\u00a0\u00bb bg_color=\u00a0\u00bb#233263&Prime; scene_position=\u00a0\u00bbcenter\u00a0\u00bb text_color=\u00a0\u00bblight\u00a0\u00bb text_align=\u00a0\u00bbleft\u00a0\u00bb top_padding=\u00a0\u00bb10%\u00a0\u00bb bottom_padding=\u00a0\u00bb10%\u00a0\u00bb color_overlay=\u00a0\u00bb#233263&Prime; overlay_strength=\u00a0\u00bb0.3&Prime; shape_divider_position=\u00a0\u00bbbottom\u00a0\u00bb shape_type=\u00a0\u00bb\u00a0\u00bb][vc_column column_padding=\u00a0\u00bbno-extra-padding\u00a0\u00bb column_padding_position=\u00a0\u00bball\u00a0\u00bb background_color_opacity=\u00a0\u00bb1&Prime; background_hover_color_opacity=\u00a0\u00bb1&Prime; column_shadow=\u00a0\u00bbnone\u00a0\u00bb column_border_radius=\u00a0\u00bbnone\u00a0\u00bb width=\u00a0\u00bb2\/3&Prime; tablet_text_alignment=\u00a0\u00bbdefault\u00a0\u00bb phone_text_alignment=\u00a0\u00bbdefault\u00a0\u00bb column_border_width=\u00a0\u00bbnone\u00a0\u00bb column_border_style=\u00a0\u00bbsolid\u00a0\u00bb][vc_custom_heading text=\u00a0\u00bbMIDI NOUS LE DIRA\u00a0\u00bb font_container=\u00a0\u00bbtag:h4|text_align:left\u00a0\u00bb use_theme_fonts=\u00a0\u00bbyes\u00a0\u00bb][nectar_gradient_text heading_tag=\u00a0\u00bbh6&Prime; color=\u00a0\u00bbextra-color-gradient-1&Prime; gradient_direction=\u00a0\u00bbhorizontal\u00a0\u00bb text=\u00a0\u00bbMusique originale et jeu au plateau<br \/>\nUne pi\u00e8ce de Jos\u00e9phine Chaffin<br \/>\nJeu : Juliette Gharbi<br \/>\nMise en sc\u00e8ne : Compagnie Superlune\u00a0\u00bb]<div class=\"divider-wrap\"><div style=\"margin-top: 12px; height: 4px; margin-bottom: 12px;\" data-width=\"100%\" data-animate=\"\" data-animation-delay=\"\" data-color=\"default\" class=\"divider-border\"><\/div><\/div>[nectar_horizontal_list_item columns=\u00a0\u00bb2&Prime; column_layout_using_2_columns=\u00a0\u00bbeven\u00a0\u00bb col_1_text_align=\u00a0\u00bbleft\u00a0\u00bb col_2_text_align=\u00a0\u00bbleft\u00a0\u00bb font_family=\u00a0\u00bbp\u00a0\u00bb hover_color=\u00a0\u00bbaccent-color\u00a0\u00bb col_1_content=\u00a0\u00bb24 et 25 Novembre 2021&Prime; col_2_content=\u00a0\u00bbTh\u00e9\u00e2tre des 2 points, Rodez\u00a0\u00bb][nectar_horizontal_list_item columns=\u00a0\u00bb2&Prime; column_layout_using_2_columns=\u00a0\u00bbeven\u00a0\u00bb col_1_text_align=\u00a0\u00bbleft\u00a0\u00bb col_2_text_align=\u00a0\u00bbleft\u00a0\u00bb font_family=\u00a0\u00bbp\u00a0\u00bb hover_color=\u00a0\u00bbaccent-color\u00a0\u00bb col_1_content=\u00a0\u00bb19 et 20 Novembre 2021&Prime; col_2_content=\u00a0\u00bbAnima, Prunelli di Fium&rsquo;orbo\u00a0\u00bb][nectar_horizontal_list_item columns=\u00a0\u00bb2&Prime; column_layout_using_2_columns=\u00a0\u00bbeven\u00a0\u00bb col_1_text_align=\u00a0\u00bbleft\u00a0\u00bb col_2_text_align=\u00a0\u00bbleft\u00a0\u00bb font_family=\u00a0\u00bbp\u00a0\u00bb hover_color=\u00a0\u00bbaccent-color\u00a0\u00bb col_1_content=\u00a0\u00bb16 et 17 Novembre 2021&Prime; col_2_content=\u00a0\u00bbTh\u00e9\u00e2tre de Bastia\u00a0\u00bb][nectar_horizontal_list_item columns=\u00a0\u00bb2&Prime; column_layout_using_2_columns=\u00a0\u00bbeven\u00a0\u00bb col_1_text_align=\u00a0\u00bbleft\u00a0\u00bb col_2_text_align=\u00a0\u00bbleft\u00a0\u00bb font_family=\u00a0\u00bbp\u00a0\u00bb hover_color=\u00a0\u00bbaccent-color\u00a0\u00bb col_1_content=\u00a0\u00bb21 et 22 Octobre 2021&Prime; col_2_content=\u00a0\u00bbFestival M\u00e9lim\u00f4mes, Reims\u00a0\u00bb][nectar_horizontal_list_item columns=\u00a0\u00bb2&Prime; column_layout_using_2_columns=\u00a0\u00bbeven\u00a0\u00bb col_1_text_align=\u00a0\u00bbleft\u00a0\u00bb col_2_text_align=\u00a0\u00bbleft\u00a0\u00bb font_family=\u00a0\u00bbp\u00a0\u00bb hover_color=\u00a0\u00bbaccent-color\u00a0\u00bb col_1_content=\u00a0\u00bb15 Octobre 2021&Prime; col_2_content=\u00a0\u00bbLe Neutrino, Genas\u00a0\u00bb][nectar_horizontal_list_item columns=\u00a0\u00bb2&Prime; column_layout_using_2_columns=\u00a0\u00bbeven\u00a0\u00bb col_1_text_align=\u00a0\u00bbleft\u00a0\u00bb col_2_text_align=\u00a0\u00bbleft\u00a0\u00bb font_family=\u00a0\u00bbp\u00a0\u00bb hover_color=\u00a0\u00bbaccent-color\u00a0\u00bb col_1_content=\u00a0\u00bbDu 7 au 26 Juillet 2021&Prime; col_2_content=\u00a0\u00bbTh\u00e9\u00e2tre du Train Bleu, Avignon (Festival)\u00a0\u00bb][nectar_horizontal_list_item columns=\u00a0\u00bb2&Prime; column_layout_using_2_columns=\u00a0\u00bbeven\u00a0\u00bb col_1_text_align=\u00a0\u00bbleft\u00a0\u00bb col_2_text_align=\u00a0\u00bbleft\u00a0\u00bb font_family=\u00a0\u00bbp\u00a0\u00bb hover_color=\u00a0\u00bbaccent-color\u00a0\u00bb col_1_content=\u00a0\u00bbDu 17 au 19 Mai 2021&Prime; col_2_content=\u00a0\u00bbGrand T, Nantes\u00a0\u00bb][nectar_horizontal_list_item columns=\u00a0\u00bb2&Prime; column_layout_using_2_columns=\u00a0\u00bbeven\u00a0\u00bb col_1_text_align=\u00a0\u00bbleft\u00a0\u00bb col_2_text_align=\u00a0\u00bbleft\u00a0\u00bb font_family=\u00a0\u00bbp\u00a0\u00bb hover_color=\u00a0\u00bbaccent-color\u00a0\u00bb col_1_content=\u00a0\u00bbDu 6 au 18 Octobre 2020&Prime; col_2_content=\u00a0\u00bbTh\u00e9\u00e2tre de la Reine blanche, Paris\u00a0\u00bb][nectar_horizontal_list_item columns=\u00a0\u00bb2&Prime; column_layout_using_2_columns=\u00a0\u00bbeven\u00a0\u00bb col_1_text_align=\u00a0\u00bbleft\u00a0\u00bb col_2_text_align=\u00a0\u00bbleft\u00a0\u00bb font_family=\u00a0\u00bbp\u00a0\u00bb hover_color=\u00a0\u00bbaccent-color\u00a0\u00bb col_1_content=\u00a0\u00bb14 Mai 2020&Prime; col_2_content=\u00a0\u00bbTh\u00e9\u00e2tre de la t\u00eate noire, Saran\u00a0\u00bb][nectar_horizontal_list_item columns=\u00a0\u00bb2&Prime; column_layout_using_2_columns=\u00a0\u00bbeven\u00a0\u00bb col_1_text_align=\u00a0\u00bbleft\u00a0\u00bb col_2_text_align=\u00a0\u00bbleft\u00a0\u00bb font_family=\u00a0\u00bbp\u00a0\u00bb hover_color=\u00a0\u00bbaccent-color\u00a0\u00bb col_1_content=\u00a0\u00bb27 Mars 2020&Prime; col_2_content=\u00a0\u00bbCarr\u00e9 Blanc, Trinqueux\u00a0\u00bb][nectar_horizontal_list_item columns=\u00a0\u00bb2&Prime; column_layout_using_2_columns=\u00a0\u00bbeven\u00a0\u00bb col_1_text_align=\u00a0\u00bbleft\u00a0\u00bb col_2_text_align=\u00a0\u00bbleft\u00a0\u00bb font_family=\u00a0\u00bbp\u00a0\u00bb hover_color=\u00a0\u00bbaccent-color\u00a0\u00bb col_1_content=\u00a0\u00bb26 Mars 2020&Prime; col_2_content=\u00a0\u00bbFestival M\u00e9liM\u00f4mes, Reims\u00a0\u00bb][nectar_horizontal_list_item columns=\u00a0\u00bb2&Prime; column_layout_using_2_columns=\u00a0\u00bbeven\u00a0\u00bb col_1_text_align=\u00a0\u00bbleft\u00a0\u00bb col_2_text_align=\u00a0\u00bbleft\u00a0\u00bb font_family=\u00a0\u00bbp\u00a0\u00bb hover_color=\u00a0\u00bbaccent-color\u00a0\u00bb col_1_content=\u00a0\u00bb6 Mars 2020&Prime; col_2_content=\u00a0\u00bbTh\u00e9\u00e2tre du Fil de l&rsquo;eau, Pantin\u00a0\u00bb][nectar_horizontal_list_item columns=\u00a0\u00bb2&Prime; column_layout_using_2_columns=\u00a0\u00bbeven\u00a0\u00bb col_1_text_align=\u00a0\u00bbleft\u00a0\u00bb col_2_text_align=\u00a0\u00bbleft\u00a0\u00bb font_family=\u00a0\u00bbp\u00a0\u00bb hover_color=\u00a0\u00bbaccent-color\u00a0\u00bb col_1_content=\u00a0\u00bb18 F\u00e9vrier 2020&Prime; col_2_content=\u00a0\u00bbToboggan, D\u00e9cines\u00a0\u00bb][nectar_horizontal_list_item columns=\u00a0\u00bb2&Prime; column_layout_using_2_columns=\u00a0\u00bbeven\u00a0\u00bb col_1_text_align=\u00a0\u00bbleft\u00a0\u00bb col_2_text_align=\u00a0\u00bbleft\u00a0\u00bb font_family=\u00a0\u00bbp\u00a0\u00bb hover_color=\u00a0\u00bbaccent-color\u00a0\u00bb col_1_content=\u00a0\u00bb30, 31 Janvier et 1er F\u00e9vrier 2020&Prime; col_2_content=\u00a0\u00bbTh\u00e9\u00e2tre, Villefranche sur Sa\u00f4ne\u00a0\u00bb][nectar_horizontal_list_item columns=\u00a0\u00bb2&Prime; column_layout_using_2_columns=\u00a0\u00bbeven\u00a0\u00bb col_1_text_align=\u00a0\u00bbleft\u00a0\u00bb col_2_text_align=\u00a0\u00bbleft\u00a0\u00bb font_family=\u00a0\u00bbp\u00a0\u00bb hover_color=\u00a0\u00bbaccent-color\u00a0\u00bb col_1_content=\u00a0\u00bb27 Janvier 2020&Prime; col_2_content=\u00a0\u00bbLe Radiant, Caluire et Cuire\u00a0\u00bb][nectar_horizontal_list_item columns=\u00a0\u00bb2&Prime; column_layout_using_2_columns=\u00a0\u00bbeven\u00a0\u00bb col_1_text_align=\u00a0\u00bbleft\u00a0\u00bb col_2_text_align=\u00a0\u00bbleft\u00a0\u00bb font_family=\u00a0\u00bbp\u00a0\u00bb hover_color=\u00a0\u00bbaccent-color\u00a0\u00bb col_1_content=\u00a0\u00bb23 Janvier 2020&Prime; col_2_content=\u00a0\u00bbL&rsquo;Arc, Sc\u00e8ne Nationale, Creusot\u00a0\u00bb][nectar_horizontal_list_item columns=\u00a0\u00bb2&Prime; column_layout_using_2_columns=\u00a0\u00bbeven\u00a0\u00bb col_1_text_align=\u00a0\u00bbleft\u00a0\u00bb col_2_text_align=\u00a0\u00bbleft\u00a0\u00bb font_family=\u00a0\u00bbp\u00a0\u00bb hover_color=\u00a0\u00bbaccent-color\u00a0\u00bb col_1_content=\u00a0\u00bb9, 10 et 11 D\u00e9cembre 2019&Prime; col_2_content=\u00a0\u00bbKaravan Th\u00e9\u00e2tre, Chassieu\u00a0\u00bb][nectar_horizontal_list_item columns=\u00a0\u00bb2&Prime; column_layout_using_2_columns=\u00a0\u00bbeven\u00a0\u00bb col_1_text_align=\u00a0\u00bbleft\u00a0\u00bb col_2_text_align=\u00a0\u00bbleft\u00a0\u00bb font_family=\u00a0\u00bbp\u00a0\u00bb hover_color=\u00a0\u00bbaccent-color\u00a0\u00bb col_1_content=\u00a0\u00bb28 Novembre 2019&Prime; col_2_content=\u00a0\u00bbCr\u00e9ation \u00e0 la Sc\u00e8ne Nationale de M\u00e2con\u00a0\u00bb][\/vc_column][vc_column column_padding=\u00a0\u00bbno-extra-padding\u00a0\u00bb column_padding_position=\u00a0\u00bball\u00a0\u00bb background_color_opacity=\u00a0\u00bb1&Prime; background_hover_color_opacity=\u00a0\u00bb1&Prime; column_shadow=\u00a0\u00bbnone\u00a0\u00bb column_border_radius=\u00a0\u00bbnone\u00a0\u00bb width=\u00a0\u00bb1\/3&Prime; tablet_text_alignment=\u00a0\u00bbdefault\u00a0\u00bb phone_text_alignment=\u00a0\u00bbdefault\u00a0\u00bb column_border_width=\u00a0\u00bbnone\u00a0\u00bb column_border_style=\u00a0\u00bbsolid\u00a0\u00bb]<div class=\"divider-wrap\"><div style=\"height: 139px;\" class=\"divider\"><\/div><\/div>[vc_column_text]<div class=\"soundcloudIsGold \" id=\"soundcloud-733141770\"><iframe loading=\"lazy\" width=\"\" height=\"450px\" scrolling=\"no\" frameborder=\"no\" src=\"https:\/\/w.soundcloud.com\/player\/?url=https%3A%2F%2Fapi.soundcloud.com%2Fplaylists%2F733141770&amp;auto_play=false&amp;show_artwork=true&amp;color=dbb412&amp;visual=true&amp;show_comments=true\"><\/iframe><\/div>\n[\/vc_column_text]<div class=\"divider-wrap\"><div style=\"height: 25px;\" class=\"divider\"><\/div><\/div>[vc_gallery type=\u00a0\u00bbflexslider_style\u00a0\u00bb images=\u00a0\u00bb995,996,993,994,988,989,991,992&Prime; onclick=\u00a0\u00bblink_image\u00a0\u00bb img_size=\u00a0\u00bb300&#215;350&Prime;][\/vc_column][\/vc_row]","protected":false},"excerpt":{"rendered":"<p>[vc_row type=\u00a0\u00bbfull_width_background\u00a0\u00bb full_screen_row_position=\u00a0\u00bbmiddle\u00a0\u00bb equal_height=\u00a0\u00bbyes\u00a0\u00bb content_placement=\u00a0\u00bbtop\u00a0\u00bb bg_color=\u00a0\u00bb#233263&Prime; scene_position=\u00a0\u00bbcenter\u00a0\u00bb text_color=\u00a0\u00bblight\u00a0\u00bb text_align=\u00a0\u00bbleft\u00a0\u00bb top_padding=\u00a0\u00bb10%\u00a0\u00bb bottom_padding=\u00a0\u00bb10%\u00a0\u00bb color_overlay=\u00a0\u00bb#233263&Prime; overlay_strength=\u00a0\u00bb0.3&Prime; shape_divider_position=\u00a0\u00bbbottom\u00a0\u00bb shape_type=\u00a0\u00bb\u00a0\u00bb][vc_column column_padding=\u00a0\u00bbno-extra-padding\u00a0\u00bb column_padding_position=\u00a0\u00bball\u00a0\u00bb background_color_opacity=\u00a0\u00bb1&Prime; background_hover_color_opacity=\u00a0\u00bb1&Prime; column_shadow=\u00a0\u00bbnone\u00a0\u00bb column_border_radius=\u00a0\u00bbnone\u00a0\u00bb width=\u00a0\u00bb2\/3&Prime; tablet_text_alignment=\u00a0\u00bbdefault\u00a0\u00bb phone_text_alignment=\u00a0\u00bbdefault\u00a0\u00bb column_border_width=\u00a0\u00bbnone\u00a0\u00bb column_border_style=\u00a0\u00bbsolid\u00a0\u00bb][vc_custom_heading text=\u00a0\u00bbMIDI NOUS LE DIRA\u00a0\u00bb&#8230;<\/p>\n","protected":false},"author":1,"featured_media":0,"parent":0,"menu_order":0,"comment_status":"closed","ping_status":"closed","template":"","meta":{"footnotes":""},"class_list":["post-47","page","type-page","status-publish","hentry"],"_links":{"self":[{"href":"https:\/\/www.annacordonnier.com\/index.php\/wp-json\/wp\/v2\/pages\/47","targetHints":{"allow":["GET"]}}],"collection":[{"href":"https:\/\/www.annacordonnier.com\/index.php\/wp-json\/wp\/v2\/pages"}],"about":[{"href":"https:\/\/www.annacordonnier.com\/index.php\/wp-json\/wp\/v2\/types\/page"}],"author":[{"embeddable":true,"href":"https:\/\/www.annacordonnier.com\/index.php\/wp-json\/wp\/v2\/users\/1"}],"replies":[{"embeddable":true,"href":"https:\/\/www.annacordonnier.com\/index.php\/wp-json\/wp\/v2\/comments?post=47"}],"version-history":[{"count":183,"href":"https:\/\/www.annacordonnier.com\/index.php\/wp-json\/wp\/v2\/pages\/47\/revisions"}],"predecessor-version":[{"id":1705,"href":"https:\/\/www.annacordonnier.com\/index.php\/wp-json\/wp\/v2\/pages\/47\/revisions\/1705"}],"wp:attachment":[{"href":"https:\/\/www.annacordonnier.com\/index.php\/wp-json\/wp\/v2\/media?parent=47"}],"curies":[{"name":"wp","href":"https:\/\/api.w.org\/{rel}","templated":true}]}}